{"id":192,"date":"2016-04-13T08:50:30","date_gmt":"2016-04-13T08:50:30","guid":{"rendered":"http:\/\/artoral.hu\/en\/?page_id=192"},"modified":"2022-03-23T18:04:01","modified_gmt":"2022-03-23T17:04:01","slug":"home","status":"publish","type":"page","link":"https:\/\/artoral.hu\/en\/","title":{"rendered":"Home"},"content":{"rendered":"<p>[vc_row][vc_column][vc_single_image image=&#8221;545&#8243; img_size=&#8221;full&#8221;][\/vc_column][\/vc_row][vc_row][vc_column width=&#8221;1\/2&#8243;][vc_custom_heading text=&#8221;\u201cENGAGING SMILE\u201d&#8221; font_container=&#8221;tag:h2|font_size:25px|text_align:left|color:%23ff6600&#8243; use_theme_fonts=&#8221;yes&#8221;][vc_column_text]What do you expect from your dentist?<\/p>\n<p>To do first class job, to use quality materials, and of course the treatment shouldn\u2019t cause any inconvenience.<\/p>\n<p>Meet Hungary\u2019s one of the most modern dentistry centers, which was built to tower above these expectations and to set up a new standard in the Hungarian dentistry.<\/p>\n<p>Our dentists with clinical experiences attend regural trainings to utilise the latest achievements of medicine in your treatment.<\/p>\n<p>Thanks to our continuous developments we offer complex dental services where the newest tools, technoligies and medical aids are available.<\/p>\n<p>The standard of our work is shown by the fact that our surgery is an accredited dental training place of the Budapest Semmelweis University.<\/p>\n<p>We recognize the importance that our patients feel comfortable.<\/p>\n<p>The plans of our air-conditioned surgery were made by one of the most famous Hungarian designers, and a play corner is established for children.<\/p>\n<p>The patients\u2019 registration is done at the reception, so we can comply with your time shedule with flexible appointments.<\/p>\n<p><strong>You\u2019re welcome to our Surgery!<\/strong>[\/vc_column_text][\/vc_column][vc_column width=&#8221;1\/2&#8243;][vc_empty_space][vc_single_image image=&#8221;14&#8243; img_size=&#8221;full&#8221;][\/vc_column][\/vc_row]<\/p>\n","protected":false},"excerpt":{"rendered":"<p>[vc_row][vc_column][vc_single_image image=&#8221;545&#8243; img_size=&#8221;full&#8221;][\/vc_column][\/vc_row][vc_row][vc_column width=&#8221;1\/2&#8243;][vc_custom_heading text=&#8221;\u201cENGAGING SMILE\u201d&#8221; font_container=&#8221;tag:h2|font_size:25px|text_align:left|color:%23ff6600&#8243; use_theme_fonts=&#8221;yes&#8221;][vc_column_text]What do you expect from your dentist? To do first class job, to use quality materials, and of course<span class=\"excerpt-hellip\"> [\u2026]<\/span><\/p>\n","protected":false},"author":1,"featured_media":0,"parent":0,"menu_order":0,"comment_status":"closed","ping_status":"closed","template":"","meta":{"footnotes":""},"class_list":["post-192","page","type-page","status-publish","hentry"],"yoast_head":"\n<title>Home - ARTORAL Fog\u00e1szati K\u00f6zpont Budapest - Eszt\u00e9tikai fog\u00e1szat, fogszab\u00e1lyoz\u00e1s, fogfeh\u00e9r\u00edt\u00e9s, sz\u00e1jseb\u00e9szet<\/title>\n<meta name=\"description\" content=\"What do you expect from your dentist? To do first class job, to use quality materials, and of course the treatment shouldn\u2019t cause any inconvenience. Meet\" \/>\n<meta name=\"robots\" content=\"index, follow, max-snippet:-1, max-image-preview:large, max-video-preview:-1\" \/>\n<link rel=\"canonical\" href=\"https:\/\/artoral.hu\/\" \/>\n<meta name=\"twitter:label1\" content=\"Est. reading time\" \/>\n\t<meta name=\"twitter:data1\" content=\"1 minute\" \/>\n<script type=\"application\/ld+json\" class=\"yoast-schema-graph\">{\"@context\":\"https:\/\/schema.org\",\"@graph\":[{\"@type\":\"WebPage\",\"@id\":\"https:\/\/artoral.hu\/\",\"url\":\"https:\/\/artoral.hu\/\",\"name\":\"Home - ARTORAL Fog\u00e1szati K\u00f6zpont Budapest - Eszt\u00e9tikai fog\u00e1szat, fogszab\u00e1lyoz\u00e1s, fogfeh\u00e9r\u00edt\u00e9s, sz\u00e1jseb\u00e9szet\",\"isPartOf\":{\"@id\":\"https:\/\/artoral.hu\/#website\"},\"datePublished\":\"2016-04-13T08:50:30+00:00\",\"dateModified\":\"2022-03-23T17:04:01+00:00\",\"description\":\"What do you expect from your dentist? To do first class job, to use quality materials, and of course the treatment shouldn\u2019t cause any inconvenience. Meet\",\"inLanguage\":\"en-US\",\"potentialAction\":[{\"@type\":\"ReadAction\",\"target\":[\"https:\/\/artoral.hu\/\"]}]},{\"@type\":\"WebSite\",\"@id\":\"https:\/\/artoral.hu\/#website\",\"url\":\"https:\/\/artoral.hu\/\",\"name\":\"ARTORAL Fog\u00e1szati K\u00f6zpont Budapest - Eszt\u00e9tikai fog\u00e1szat, fogszab\u00e1lyoz\u00e1s, fogfeh\u00e9r\u00edt\u00e9s, sz\u00e1jseb\u00e9szet\",\"description\":\"\",\"potentialAction\":[{\"@type\":\"SearchAction\",\"target\":{\"@type\":\"EntryPoint\",\"urlTemplate\":\"https:\/\/artoral.hu\/?s={search_term_string}\"},\"query-input\":{\"@type\":\"PropertyValueSpecification\",\"valueRequired\":true,\"valueName\":\"search_term_string\"}}],\"inLanguage\":\"en-US\"}]}<\/script>\n","yoast_head_json":{"title":"Home - ARTORAL Fog\u00e1szati K\u00f6zpont Budapest - Eszt\u00e9tikai fog\u00e1szat, fogszab\u00e1lyoz\u00e1s, fogfeh\u00e9r\u00edt\u00e9s, sz\u00e1jseb\u00e9szet","description":"What do you expect from your dentist? To do first class job, to use quality materials, and of course the treatment shouldn\u2019t cause any inconvenience. Meet","robots":{"index":"index","follow":"follow","max-snippet":"max-snippet:-1","max-image-preview":"max-image-preview:large","max-video-preview":"max-video-preview:-1"},"canonical":"https:\/\/artoral.hu\/","twitter_misc":{"Est. reading time":"1 minute"},"schema":{"@context":"https:\/\/schema.org","@graph":[{"@type":"WebPage","@id":"https:\/\/artoral.hu\/","url":"https:\/\/artoral.hu\/","name":"Home - ARTORAL Fog\u00e1szati K\u00f6zpont Budapest - Eszt\u00e9tikai fog\u00e1szat, fogszab\u00e1lyoz\u00e1s, fogfeh\u00e9r\u00edt\u00e9s, sz\u00e1jseb\u00e9szet","isPartOf":{"@id":"https:\/\/artoral.hu\/#website"},"datePublished":"2016-04-13T08:50:30+00:00","dateModified":"2022-03-23T17:04:01+00:00","description":"What do you expect from your dentist? To do first class job, to use quality materials, and of course the treatment shouldn\u2019t cause any inconvenience. Meet","inLanguage":"en-US","potentialAction":[{"@type":"ReadAction","target":["https:\/\/artoral.hu\/"]}]},{"@type":"WebSite","@id":"https:\/\/artoral.hu\/#website","url":"https:\/\/artoral.hu\/","name":"ARTORAL Fog\u00e1szati K\u00f6zpont Budapest - Eszt\u00e9tikai fog\u00e1szat, fogszab\u00e1lyoz\u00e1s, fogfeh\u00e9r\u00edt\u00e9s, sz\u00e1jseb\u00e9szet","description":"","potentialAction":[{"@type":"SearchAction","target":{"@type":"EntryPoint","urlTemplate":"https:\/\/artoral.hu\/?s={search_term_string}"},"query-input":{"@type":"PropertyValueSpecification","valueRequired":true,"valueName":"search_term_string"}}],"inLanguage":"en-US"}]}},"_links":{"self":[{"href":"https:\/\/artoral.hu\/en\/wp-json\/wp\/v2\/pages\/192","targetHints":{"allow":["GET"]}}],"collection":[{"href":"https:\/\/artoral.hu\/en\/wp-json\/wp\/v2\/pages"}],"about":[{"href":"https:\/\/artoral.hu\/en\/wp-json\/wp\/v2\/types\/page"}],"author":[{"embeddable":true,"href":"https:\/\/artoral.hu\/en\/wp-json\/wp\/v2\/users\/1"}],"replies":[{"embeddable":true,"href":"https:\/\/artoral.hu\/en\/wp-json\/wp\/v2\/comments?post=192"}],"version-history":[{"count":5,"href":"https:\/\/artoral.hu\/en\/wp-json\/wp\/v2\/pages\/192\/revisions"}],"predecessor-version":[{"id":594,"href":"https:\/\/artoral.hu\/en\/wp-json\/wp\/v2\/pages\/192\/revisions\/594"}],"wp:attachment":[{"href":"https:\/\/artoral.hu\/en\/wp-json\/wp\/v2\/media?parent=192"}],"curies":[{"name":"wp","href":"https:\/\/api.w.org\/{rel}","templated":true}]}}