{"id":195,"date":"2016-04-13T09:32:09","date_gmt":"2016-04-13T09:32:09","guid":{"rendered":"http:\/\/artoral.hu\/en\/our-dentists\/"},"modified":"2022-03-23T18:08:39","modified_gmt":"2022-03-23T17:08:39","slug":"our-dentists","status":"publish","type":"page","link":"https:\/\/artoral.hu\/en\/our-dentists\/","title":{"rendered":"Our Dentists"},"content":{"rendered":"<p>[vc_row][vc_column][vc_single_image image=&#8221;553&#8243; img_size=&#8221;full&#8221;][\/vc_column][\/vc_row][vc_row][vc_column][vc_custom_heading text=&#8221;Our Dentists&#8221; font_container=&#8221;tag:h2|font_size:25px|text_align:left|color:%23ff6600&#8243; use_theme_fonts=&#8221;yes&#8221;][\/vc_column][\/vc_row][vc_row][vc_column width=&#8221;1\/2&#8243;][vc_column_text]<\/p>\n<h2>Dr. Jank\u00f3 Attila \u2013\u00a0Dentist<\/h2>\n<p>Got his summa cum laude certificate in 1993 at the Semmelweis University in Budapest.<\/p>\n<p>Participated in the everyday patient treatment, in the teaching and in the scientific researches at the Semmelweis University\u2019s Preserving Dentistry Clinic.<\/p>\n<p>As University Demonstrator he is a leading teacher of the Propedeutics Training Center since 1998.<\/p>\n<p>Passed the Dental and Oral Diseases Exam in 1995.<\/p>\n<p>His speciality is endodoncy and aesthetical dentistry.<\/p>\n<p>Regularly presents courses at conferences about aesthetical dentistry.<\/p>\n<p>Many of his articles were published.<\/p>\n<p>The application of the swiss UDA-system (bridge solutions without smoothening) is linked to his name in Hungary since 1996.<\/p>\n<p>He has been working as a private dentist since 2000.<\/p>\n<p>He passed the Preserving Dentistry and Prosthodontics exam acknowledged in the EU in 2005.<\/p>\n<p>He speaks fluent German.[\/vc_column_text][\/vc_column][vc_column width=&#8221;1\/2&#8243;][vc_single_image image=&#8221;91&#8243; img_size=&#8221;full&#8221; alignment=&#8221;right&#8221;][\/vc_column][\/vc_row][vc_row][vc_column][vc_separator color=&#8221;custom&#8221; accent_color=&#8221;#1e1e1e&#8221;][\/vc_column][\/vc_row][vc_row][vc_column width=&#8221;1\/2&#8243;][vc_column_text]<\/p>\n<h2>Dr. D\u00e9ry Edina \u2013\u00a0Dentist<\/h2>\n<p>Graduated in 2001, Dentistry Faculty of the Semmelweis University.<\/p>\n<p>Passed the Dental and Oral Diseases Exam in 2004.<\/p>\n<p>Works as a private dentist.<\/p>\n<p>Participates regularly in professional courses, applies the gained knowledge in the everyday work.<\/p>\n<p>Her speciality is child dental care, ozone dentistry and orthodontics.<\/p>\n<p>Applies movable braces for small children and braces working with soft forces for young people and adults.<\/p>\n<p>She speaks fluent German, English and French.[\/vc_column_text][\/vc_column][vc_column width=&#8221;1\/2&#8243;][vc_single_image image=&#8221;99&#8243; img_size=&#8221;full&#8221; alignment=&#8221;right&#8221;][\/vc_column][\/vc_row][vc_row][vc_column][vc_separator color=&#8221;custom&#8221; accent_color=&#8221;#1e1e1e&#8221;][\/vc_column][\/vc_row][vc_row][vc_column width=&#8221;1\/2&#8243;][vc_column_text]<\/p>\n<h2>Dr. Halmi Katalin \u2013\u00a0Dentist<\/h2>\n<p>Got her somma cum laude certificate at the Dentistry Faculty of the Semmelweis University in 2006.<\/p>\n<p>Now she\u2019s a resident at the Artoral Dentistry Center.<\/p>\n<p>Her clinical dental skills are focused on pain and discomfort relief in the practice.<\/p>\n<p>She connects easily with patients, is skillfull with her hand and does high quality job.<\/p>\n<p>She\u2019s interested mainly in endodontics and aesthetic dentistry.<\/p>\n<p>She\u2019s very actively involved with professional training upgrading to achieve the highest level of quality patients care.<\/p>\n<p>She speaks fluent English and Italian.[\/vc_column_text][\/vc_column][vc_column width=&#8221;1\/2&#8243;][vc_single_image image=&#8221;101&#8243; img_size=&#8221;full&#8221; alignment=&#8221;right&#8221;][\/vc_column][\/vc_row]<\/p>\n","protected":false},"excerpt":{"rendered":"<p>[vc_row][vc_column][vc_single_image image=&#8221;553&#8243; img_size=&#8221;full&#8221;][\/vc_column][\/vc_row][vc_row][vc_column][vc_custom_heading text=&#8221;Our Dentists&#8221; font_container=&#8221;tag:h2|font_size:25px|text_align:left|color:%23ff6600&#8243; use_theme_fonts=&#8221;yes&#8221;][\/vc_column][\/vc_row][vc_row][vc_column width=&#8221;1\/2&#8243;][vc_column_text] Dr. Jank\u00f3 Attila \u2013\u00a0Dentist Got his summa cum laude certificate in 1993 at the Semmelweis University in Budapest.<span class=\"excerpt-hellip\"> [\u2026]<\/span><\/p>\n","protected":false},"author":1,"featured_media":0,"parent":0,"menu_order":30,"comment_status":"closed","ping_status":"closed","template":"","meta":{"footnotes":""},"class_list":["post-195","page","type-page","status-publish","hentry"],"yoast_head":"\n<title>Our Dentists - ARTORAL Fog\u00e1szati K\u00f6zpont Budapest - Eszt\u00e9tikai fog\u00e1szat, fogszab\u00e1lyoz\u00e1s, fogfeh\u00e9r\u00edt\u00e9s, sz\u00e1jseb\u00e9szet<\/title>\n<meta name=\"description\" content=\"Dr. Jank\u00f3 Attila \u2013\u00a0Dentist Got his summa cum laude certificate in 1993 at the Semmelweis University in Budapest. Participated in the everyday patient\" \/>\n<meta name=\"robots\" content=\"index, follow, max-snippet:-1, max-image-preview:large, max-video-preview:-1\" \/>\n<link rel=\"canonical\" href=\"https:\/\/artoral.hu\/dolgozoink\/\" \/>\n<meta name=\"twitter:label1\" content=\"Est. reading time\" \/>\n\t<meta name=\"twitter:data1\" content=\"2 minutes\" \/>\n<script type=\"application\/ld+json\" class=\"yoast-schema-graph\">{\"@context\":\"https:\/\/schema.org\",\"@graph\":[{\"@type\":\"WebPage\",\"@id\":\"https:\/\/artoral.hu\/dolgozoink\/\",\"url\":\"https:\/\/artoral.hu\/dolgozoink\/\",\"name\":\"Our Dentists - ARTORAL Fog\u00e1szati K\u00f6zpont Budapest - Eszt\u00e9tikai fog\u00e1szat, fogszab\u00e1lyoz\u00e1s, fogfeh\u00e9r\u00edt\u00e9s, sz\u00e1jseb\u00e9szet\",\"isPartOf\":{\"@id\":\"https:\/\/artoral.hu\/#website\"},\"datePublished\":\"2016-04-13T09:32:09+00:00\",\"dateModified\":\"2022-03-23T17:08:39+00:00\",\"description\":\"Dr. Jank\u00f3 Attila \u2013\u00a0Dentist Got his summa cum laude certificate in 1993 at the Semmelweis University in Budapest. Participated in the everyday patient\",\"inLanguage\":\"en-US\",\"potentialAction\":[{\"@type\":\"ReadAction\",\"target\":[\"https:\/\/artoral.hu\/dolgozoink\/\"]}]},{\"@type\":\"WebSite\",\"@id\":\"https:\/\/artoral.hu\/#website\",\"url\":\"https:\/\/artoral.hu\/\",\"name\":\"ARTORAL Fog\u00e1szati K\u00f6zpont Budapest - Eszt\u00e9tikai fog\u00e1szat, fogszab\u00e1lyoz\u00e1s, fogfeh\u00e9r\u00edt\u00e9s, sz\u00e1jseb\u00e9szet\",\"description\":\"\",\"potentialAction\":[{\"@type\":\"SearchAction\",\"target\":{\"@type\":\"EntryPoint\",\"urlTemplate\":\"https:\/\/artoral.hu\/?s={search_term_string}\"},\"query-input\":{\"@type\":\"PropertyValueSpecification\",\"valueRequired\":true,\"valueName\":\"search_term_string\"}}],\"inLanguage\":\"en-US\"}]}<\/script>\n","yoast_head_json":{"title":"Our Dentists - ARTORAL Fog\u00e1szati K\u00f6zpont Budapest - Eszt\u00e9tikai fog\u00e1szat, fogszab\u00e1lyoz\u00e1s, fogfeh\u00e9r\u00edt\u00e9s, sz\u00e1jseb\u00e9szet","description":"Dr. Jank\u00f3 Attila \u2013\u00a0Dentist Got his summa cum laude certificate in 1993 at the Semmelweis University in Budapest. Participated in the everyday patient","robots":{"index":"index","follow":"follow","max-snippet":"max-snippet:-1","max-image-preview":"max-image-preview:large","max-video-preview":"max-video-preview:-1"},"canonical":"https:\/\/artoral.hu\/dolgozoink\/","twitter_misc":{"Est. reading time":"2 minutes"},"schema":{"@context":"https:\/\/schema.org","@graph":[{"@type":"WebPage","@id":"https:\/\/artoral.hu\/dolgozoink\/","url":"https:\/\/artoral.hu\/dolgozoink\/","name":"Our Dentists - ARTORAL Fog\u00e1szati K\u00f6zpont Budapest - Eszt\u00e9tikai fog\u00e1szat, fogszab\u00e1lyoz\u00e1s, fogfeh\u00e9r\u00edt\u00e9s, sz\u00e1jseb\u00e9szet","isPartOf":{"@id":"https:\/\/artoral.hu\/#website"},"datePublished":"2016-04-13T09:32:09+00:00","dateModified":"2022-03-23T17:08:39+00:00","description":"Dr. Jank\u00f3 Attila \u2013\u00a0Dentist Got his summa cum laude certificate in 1993 at the Semmelweis University in Budapest. Participated in the everyday patient","inLanguage":"en-US","potentialAction":[{"@type":"ReadAction","target":["https:\/\/artoral.hu\/dolgozoink\/"]}]},{"@type":"WebSite","@id":"https:\/\/artoral.hu\/#website","url":"https:\/\/artoral.hu\/","name":"ARTORAL Fog\u00e1szati K\u00f6zpont Budapest - Eszt\u00e9tikai fog\u00e1szat, fogszab\u00e1lyoz\u00e1s, fogfeh\u00e9r\u00edt\u00e9s, sz\u00e1jseb\u00e9szet","description":"","potentialAction":[{"@type":"SearchAction","target":{"@type":"EntryPoint","urlTemplate":"https:\/\/artoral.hu\/?s={search_term_string}"},"query-input":{"@type":"PropertyValueSpecification","valueRequired":true,"valueName":"search_term_string"}}],"inLanguage":"en-US"}]}},"_links":{"self":[{"href":"https:\/\/artoral.hu\/en\/wp-json\/wp\/v2\/pages\/195","targetHints":{"allow":["GET"]}}],"collection":[{"href":"https:\/\/artoral.hu\/en\/wp-json\/wp\/v2\/pages"}],"about":[{"href":"https:\/\/artoral.hu\/en\/wp-json\/wp\/v2\/types\/page"}],"author":[{"embeddable":true,"href":"https:\/\/artoral.hu\/en\/wp-json\/wp\/v2\/users\/1"}],"replies":[{"embeddable":true,"href":"https:\/\/artoral.hu\/en\/wp-json\/wp\/v2\/comments?post=195"}],"version-history":[{"count":5,"href":"https:\/\/artoral.hu\/en\/wp-json\/wp\/v2\/pages\/195\/revisions"}],"predecessor-version":[{"id":600,"href":"https:\/\/artoral.hu\/en\/wp-json\/wp\/v2\/pages\/195\/revisions\/600"}],"wp:attachment":[{"href":"https:\/\/artoral.hu\/en\/wp-json\/wp\/v2\/media?parent=195"}],"curies":[{"name":"wp","href":"https:\/\/api.w.org\/{rel}","templated":true}]}}