{"id":200,"date":"2016-04-13T09:42:14","date_gmt":"2016-04-13T09:42:14","guid":{"rendered":"http:\/\/artoral.hu\/en\/contact-us\/"},"modified":"2024-02-19T11:13:28","modified_gmt":"2024-02-19T10:13:28","slug":"contact-us","status":"publish","type":"page","link":"https:\/\/artoral.hu\/en\/contact-us\/","title":{"rendered":"Contact Us"},"content":{"rendered":"<p>[vc_row][vc_column][vc_single_image image=&#8221;580&#8243; img_size=&#8221;full&#8221;][\/vc_column][\/vc_row][vc_row][vc_column][vc_custom_heading text=&#8221;Contact Us&#8221; font_container=&#8221;tag:h2|font_size:25px|text_align:left|color:%23ff6600&#8243; use_theme_fonts=&#8221;yes&#8221;][\/vc_column][\/vc_row][vc_row][vc_column width=&#8221;1\/2&#8243;][vc_column_text]<\/p>\n<h3>Artoral\u00a0Dental Center<\/h3>\n<p>1074 Budapest, Doh\u00e1ny u. 16-18.<br \/>\nTel.: +36 20 971 3156<br \/>\nSkype:\u00a0<a class=\"pwp-skype\" href=\"skype:artoralfogaszat?call\">artoralfogaszat<\/a><br \/>\nEmail:\u00a0<a href=\"mailto:info@artoral.hu\">info@artoral.hu<\/a><\/p>\n<h2>Consulting Ours<\/h2>\n<p>Monday \u2013 Thursday:<br \/>\n<strong>10:00 AM \u2013 20:00\u00a0PM<\/strong><\/p>\n<p>Friday:<br \/>\n<b>10:00 AM &#8211; 18:00 PM<\/b>[\/vc_column_text][\/vc_column][vc_column width=&#8221;1\/2&#8243;]\n<div class=\"wpcf7 no-js\" id=\"wpcf7-f201-o1\" lang=\"hu-HU\" dir=\"ltr\" data-wpcf7-id=\"201\">\n<div class=\"screen-reader-response\"><p role=\"status\" aria-live=\"polite\" aria-atomic=\"true\"><\/p><ul><\/ul><\/div>\n<form action=\"\/en\/wp-json\/wp\/v2\/pages\/200#wpcf7-f201-o1\" method=\"post\" class=\"wpcf7-form init\" aria-label=\"Kapcsolatfelv\u00e9teli \u0171rlap\" novalidate=\"novalidate\" data-status=\"init\">\n<fieldset class=\"hidden-fields-container\"><input type=\"hidden\" name=\"_wpcf7\" value=\"201\" \/><input type=\"hidden\" name=\"_wpcf7_version\" value=\"6.1.2\" \/><input type=\"hidden\" name=\"_wpcf7_locale\" value=\"hu_HU\" \/><input type=\"hidden\" name=\"_wpcf7_unit_tag\" value=\"wpcf7-f201-o1\" \/><input type=\"hidden\" name=\"_wpcf7_container_post\" value=\"0\" \/><input type=\"hidden\" name=\"_wpcf7_posted_data_hash\" value=\"\" \/>\n<\/fieldset>\n<p>Name* <span class=\"wpcf7-form-control-wrap\" data-name=\"your-name\"><input size=\"40\" maxlength=\"400\" class=\"wpcf7-form-control wpcf7-text wpcf7-validates-as-required\" aria-required=\"true\" aria-invalid=\"false\" value=\"\" type=\"text\" name=\"your-name\" \/><\/span>\n<\/p>\n<p>Email* <span class=\"wpcf7-form-control-wrap\" data-name=\"your-email\"><input size=\"40\" maxlength=\"400\" class=\"wpcf7-form-control wpcf7-email wpcf7-validates-as-required wpcf7-text wpcf7-validates-as-email\" aria-required=\"true\" aria-invalid=\"false\" value=\"\" type=\"email\" name=\"your-email\" \/><\/span>\n<\/p>\n<p>Phone* <span class=\"wpcf7-form-control-wrap\" data-name=\"tel-695\"><input size=\"40\" maxlength=\"400\" class=\"wpcf7-form-control wpcf7-tel wpcf7-validates-as-required wpcf7-text wpcf7-validates-as-tel\" aria-required=\"true\" aria-invalid=\"false\" value=\"\" type=\"tel\" name=\"tel-695\" \/><\/span>\n<\/p>\n<p>Message* <span class=\"wpcf7-form-control-wrap\" data-name=\"your-message\"><textarea cols=\"40\" rows=\"10\" maxlength=\"2000\" class=\"wpcf7-form-control wpcf7-textarea wpcf7-validates-as-required\" aria-required=\"true\" aria-invalid=\"false\" name=\"your-message\"><\/textarea><\/span>\n<\/p>\n<p><input class=\"wpcf7-form-control wpcf7-submit has-spinner\" type=\"submit\" value=\"Send\" \/>\n<\/p><div class=\"wpcf7-response-output\" aria-hidden=\"true\"><\/div>\n<\/form>\n<\/div>\n[\/vc_column][\/vc_row][vc_row margin_top=&#8221;30&#8243; css=&#8221;.vc_custom_1460045963208{margin-bottom: 0px !important;}&#8221;][vc_column][vc_column_text]<iframe loading=\"lazy\" style=\"border: 0;\" src=\"https:\/\/www.google.com\/maps\/embed?pb=!1m18!1m12!1m3!1d1568.5306715526942!2d19.06153366170023!3d47.49562049523193!2m3!1f0!2f0!3f0!3m2!1i1024!2i768!4f13.1!3m3!1m2!1s0x4741dc42c2449e0d%3A0x9a1a85466bccedbd!2sArtoral%20Fog%C3%A1szati%20K%C3%B6zpont!5e0!3m2!1shu!2shu!4v1647003977701!5m2!1shu!2shu\" width=\"100%\" height=\"300\" allowfullscreen=\"allowfullscreen\"><\/iframe>[\/vc_column_text][\/vc_column][\/vc_row]<\/p>\n","protected":false},"excerpt":{"rendered":"<p>[vc_row][vc_column][vc_single_image image=&#8221;580&#8243; img_size=&#8221;full&#8221;][\/vc_column][\/vc_row][vc_row][vc_column][vc_custom_heading text=&#8221;Contact Us&#8221; font_container=&#8221;tag:h2|font_size:25px|text_align:left|color:%23ff6600&#8243; use_theme_fonts=&#8221;yes&#8221;][\/vc_column][\/vc_row][vc_row][vc_column width=&#8221;1\/2&#8243;][vc_column_text] Artoral\u00a0Dental Center 1074 Budapest, Doh\u00e1ny u. 16-18. Tel.: +36 20 971 3156 Skype:\u00a0artoralfogaszat Email:\u00a0info@artoral.hu Consulting Ours Monday \u2013<span class=\"excerpt-hellip\"> [\u2026]<\/span><\/p>\n","protected":false},"author":1,"featured_media":0,"parent":0,"menu_order":50,"comment_status":"closed","ping_status":"closed","template":"","meta":{"footnotes":""},"class_list":["post-200","page","type-page","status-publish","hentry"],"yoast_head":"\n<title>Contact Us - ARTORAL Fog\u00e1szati K\u00f6zpont Budapest - Eszt\u00e9tikai fog\u00e1szat, fogszab\u00e1lyoz\u00e1s, fogfeh\u00e9r\u00edt\u00e9s, sz\u00e1jseb\u00e9szet<\/title>\n<meta name=\"description\" content=\"Artoral\u00a0Dental Center 1074 Budapest, Doh\u00e1ny u. 16-18. Tel.: +36 20 971 3156 Skype:\u00a0artoralfogaszat Email:\u00a0info@artoral.hu Consulting Ours Monday \u2013\" \/>\n<meta name=\"robots\" content=\"index, follow, max-snippet:-1, max-image-preview:large, max-video-preview:-1\" \/>\n<link rel=\"canonical\" href=\"https:\/\/artoral.hu\/en\/contact-us\/\" \/>\n<meta name=\"twitter:label1\" content=\"Est. reading time\" \/>\n\t<meta name=\"twitter:data1\" content=\"1 minute\" \/>\n<script type=\"application\/ld+json\" class=\"yoast-schema-graph\">{\"@context\":\"https:\/\/schema.org\",\"@graph\":[{\"@type\":\"WebPage\",\"@id\":\"https:\/\/artoral.hu\/en\/contact-us\/\",\"url\":\"https:\/\/artoral.hu\/en\/contact-us\/\",\"name\":\"Contact Us - ARTORAL Fog\u00e1szati K\u00f6zpont Budapest - Eszt\u00e9tikai fog\u00e1szat, fogszab\u00e1lyoz\u00e1s, fogfeh\u00e9r\u00edt\u00e9s, sz\u00e1jseb\u00e9szet\",\"isPartOf\":{\"@id\":\"https:\/\/artoral.hu\/#website\"},\"datePublished\":\"2016-04-13T09:42:14+00:00\",\"dateModified\":\"2024-02-19T10:13:28+00:00\",\"description\":\"Artoral\u00a0Dental Center 1074 Budapest, Doh\u00e1ny u. 16-18. Tel.: +36 20 971 3156 Skype:\u00a0artoralfogaszat Email:\u00a0info@artoral.hu Consulting Ours Monday \u2013\",\"inLanguage\":\"en-US\",\"potentialAction\":[{\"@type\":\"ReadAction\",\"target\":[\"https:\/\/artoral.hu\/en\/contact-us\/\"]}]},{\"@type\":\"WebSite\",\"@id\":\"https:\/\/artoral.hu\/#website\",\"url\":\"https:\/\/artoral.hu\/\",\"name\":\"ARTORAL Fog\u00e1szati K\u00f6zpont Budapest - Eszt\u00e9tikai fog\u00e1szat, fogszab\u00e1lyoz\u00e1s, fogfeh\u00e9r\u00edt\u00e9s, sz\u00e1jseb\u00e9szet\",\"description\":\"\",\"potentialAction\":[{\"@type\":\"SearchAction\",\"target\":{\"@type\":\"EntryPoint\",\"urlTemplate\":\"https:\/\/artoral.hu\/?s={search_term_string}\"},\"query-input\":{\"@type\":\"PropertyValueSpecification\",\"valueRequired\":true,\"valueName\":\"search_term_string\"}}],\"inLanguage\":\"en-US\"}]}<\/script>\n","yoast_head_json":{"title":"Contact Us - ARTORAL Fog\u00e1szati K\u00f6zpont Budapest - Eszt\u00e9tikai fog\u00e1szat, fogszab\u00e1lyoz\u00e1s, fogfeh\u00e9r\u00edt\u00e9s, sz\u00e1jseb\u00e9szet","description":"Artoral\u00a0Dental Center 1074 Budapest, Doh\u00e1ny u. 16-18. Tel.: +36 20 971 3156 Skype:\u00a0artoralfogaszat Email:\u00a0info@artoral.hu Consulting Ours Monday \u2013","robots":{"index":"index","follow":"follow","max-snippet":"max-snippet:-1","max-image-preview":"max-image-preview:large","max-video-preview":"max-video-preview:-1"},"canonical":"https:\/\/artoral.hu\/en\/contact-us\/","twitter_misc":{"Est. reading time":"1 minute"},"schema":{"@context":"https:\/\/schema.org","@graph":[{"@type":"WebPage","@id":"https:\/\/artoral.hu\/en\/contact-us\/","url":"https:\/\/artoral.hu\/en\/contact-us\/","name":"Contact Us - ARTORAL Fog\u00e1szati K\u00f6zpont Budapest - Eszt\u00e9tikai fog\u00e1szat, fogszab\u00e1lyoz\u00e1s, fogfeh\u00e9r\u00edt\u00e9s, sz\u00e1jseb\u00e9szet","isPartOf":{"@id":"https:\/\/artoral.hu\/#website"},"datePublished":"2016-04-13T09:42:14+00:00","dateModified":"2024-02-19T10:13:28+00:00","description":"Artoral\u00a0Dental Center 1074 Budapest, Doh\u00e1ny u. 16-18. Tel.: +36 20 971 3156 Skype:\u00a0artoralfogaszat Email:\u00a0info@artoral.hu Consulting Ours Monday \u2013","inLanguage":"en-US","potentialAction":[{"@type":"ReadAction","target":["https:\/\/artoral.hu\/en\/contact-us\/"]}]},{"@type":"WebSite","@id":"https:\/\/artoral.hu\/#website","url":"https:\/\/artoral.hu\/","name":"ARTORAL Fog\u00e1szati K\u00f6zpont Budapest - Eszt\u00e9tikai fog\u00e1szat, fogszab\u00e1lyoz\u00e1s, fogfeh\u00e9r\u00edt\u00e9s, sz\u00e1jseb\u00e9szet","description":"","potentialAction":[{"@type":"SearchAction","target":{"@type":"EntryPoint","urlTemplate":"https:\/\/artoral.hu\/?s={search_term_string}"},"query-input":{"@type":"PropertyValueSpecification","valueRequired":true,"valueName":"search_term_string"}}],"inLanguage":"en-US"}]}},"_links":{"self":[{"href":"https:\/\/artoral.hu\/en\/wp-json\/wp\/v2\/pages\/200","targetHints":{"allow":["GET"]}}],"collection":[{"href":"https:\/\/artoral.hu\/en\/wp-json\/wp\/v2\/pages"}],"about":[{"href":"https:\/\/artoral.hu\/en\/wp-json\/wp\/v2\/types\/page"}],"author":[{"embeddable":true,"href":"https:\/\/artoral.hu\/en\/wp-json\/wp\/v2\/users\/1"}],"replies":[{"embeddable":true,"href":"https:\/\/artoral.hu\/en\/wp-json\/wp\/v2\/comments?post=200"}],"version-history":[{"count":7,"href":"https:\/\/artoral.hu\/en\/wp-json\/wp\/v2\/pages\/200\/revisions"}],"predecessor-version":[{"id":676,"href":"https:\/\/artoral.hu\/en\/wp-json\/wp\/v2\/pages\/200\/revisions\/676"}],"wp:attachment":[{"href":"https:\/\/artoral.hu\/en\/wp-json\/wp\/v2\/media?parent=200"}],"curies":[{"name":"wp","href":"https:\/\/api.w.org\/{rel}","templated":true}]}}