{"id":207,"date":"2016-04-13T12:44:43","date_gmt":"2016-04-13T12:44:43","guid":{"rendered":"http:\/\/artoral.hu\/en\/aesthetical-dentistry-aesthetical-face-analysis\/"},"modified":"2022-03-23T18:18:03","modified_gmt":"2022-03-23T17:18:03","slug":"aesthetical-dentistry-aesthetical-face-analysis","status":"publish","type":"page","link":"https:\/\/artoral.hu\/en\/services\/aesthetical-dentistry-aesthetical-face-analysis\/","title":{"rendered":"Aesthetical dentistry \u2013 aesthetical face analysis"},"content":{"rendered":"<p>[vc_row][vc_column][vc_custom_heading text=&#8221;Aesthetical dentistry \u2013 aesthetical face analysis&#8221; font_container=&#8221;tag:h2|font_size:25px|text_align:left|color:%23ff6600&#8243; use_theme_fonts=&#8221;yes&#8221;][\/vc_column][\/vc_row][vc_row][vc_column][vc_column_text]<\/p>\n<h3>The way to the perfect smile!<\/h3>\n<p>The complete analysis of the face is an essential part of the latest aesthetical treatments before the treatment.<\/p>\n<p>Our surgery follows the American system (the aesthetical protocoll), establishing a new standard.<\/p>\n<p>Not only is a complete treatment plan based on the state of the teeth and the gingiva but we also analyse the different parameters of lips and face to make your smile perfect.<\/p>\n<ul>\n<li>Ceramic shells: Restoration, form and colour correction of the front teeth by ceramic shells, gingiva and bone correction operations.<\/li>\n<li>Procera: the perfect ceramic restoration since 2002, for the first time in Hungary<a href=\"http:\/\/www.nobelbiocare.com\/\" target=\"_blank\" rel=\"noopener\">www.nobelbiocare.com<\/a><\/li>\n<li>Perfectly functional and aesthetical inlays both on the front and rear teeth with the most modern composition filling materials.<\/li>\n<li>Porcelain, high durity plastic, golden and golden ceramic inlays.<\/li>\n<li>First class quality porcelain, metal ceramic crowns, bridges, to which the teeth are prepared with special concentric shoulder. Since they are prepared under microscope the gingiva inflammation caused by the crown can be prevented.<\/li>\n<li>UDA and CWB system and usage of special fibreglass, in case of lack of tooth bridge done without smoothening the conterminous teeth.<\/li>\n<\/ul>\n<p>[\/vc_column_text][\/vc_column][\/vc_row]<\/p>\n","protected":false},"excerpt":{"rendered":"<p>[vc_row][vc_column][vc_custom_heading text=&#8221;Aesthetical dentistry \u2013 aesthetical face analysis&#8221; font_container=&#8221;tag:h2|font_size:25px|text_align:left|color:%23ff6600&#8243; use_theme_fonts=&#8221;yes&#8221;][\/vc_column][\/vc_row][vc_row][vc_column][vc_column_text] The way to the perfect smile! The complete analysis of the face is an essential part of<span class=\"excerpt-hellip\"> [\u2026]<\/span><\/p>\n","protected":false},"author":1,"featured_media":0,"parent":213,"menu_order":0,"comment_status":"closed","ping_status":"closed","template":"","meta":{"footnotes":""},"class_list":["post-207","page","type-page","status-publish","hentry"],"yoast_head":"\n<title>Aesthetical dentistry \u2013 aesthetical face analysis - ARTORAL Fog\u00e1szati K\u00f6zpont Budapest - Eszt\u00e9tikai fog\u00e1szat, fogszab\u00e1lyoz\u00e1s, fogfeh\u00e9r\u00edt\u00e9s, sz\u00e1jseb\u00e9szet<\/title>\n<meta name=\"description\" content=\"The way to the perfect smile! The complete analysis of the face is an essential part of the latest aesthetical treatments before the treatment. Our\" \/>\n<meta name=\"robots\" content=\"index, follow, max-snippet:-1, max-image-preview:large, max-video-preview:-1\" \/>\n<link rel=\"canonical\" href=\"https:\/\/artoral.hu\/szolgaltatasaink\/esztetikai-fogaszat-esztetikai-arcanalizis\/\" \/>\n<meta name=\"twitter:label1\" content=\"Est. reading time\" \/>\n\t<meta name=\"twitter:data1\" content=\"2 minutes\" \/>\n<script type=\"application\/ld+json\" class=\"yoast-schema-graph\">{\"@context\":\"https:\/\/schema.org\",\"@graph\":[{\"@type\":\"WebPage\",\"@id\":\"https:\/\/artoral.hu\/szolgaltatasaink\/esztetikai-fogaszat-esztetikai-arcanalizis\/\",\"url\":\"https:\/\/artoral.hu\/szolgaltatasaink\/esztetikai-fogaszat-esztetikai-arcanalizis\/\",\"name\":\"Aesthetical dentistry \u2013 aesthetical face analysis - ARTORAL Fog\u00e1szati K\u00f6zpont Budapest - Eszt\u00e9tikai fog\u00e1szat, fogszab\u00e1lyoz\u00e1s, fogfeh\u00e9r\u00edt\u00e9s, sz\u00e1jseb\u00e9szet\",\"isPartOf\":{\"@id\":\"https:\/\/artoral.hu\/#website\"},\"datePublished\":\"2016-04-13T12:44:43+00:00\",\"dateModified\":\"2022-03-23T17:18:03+00:00\",\"description\":\"The way to the perfect smile! The complete analysis of the face is an essential part of the latest aesthetical treatments before the treatment. Our\",\"breadcrumb\":{\"@id\":\"https:\/\/artoral.hu\/szolgaltatasaink\/esztetikai-fogaszat-esztetikai-arcanalizis\/#breadcrumb\"},\"inLanguage\":\"en-US\",\"potentialAction\":[{\"@type\":\"ReadAction\",\"target\":[\"https:\/\/artoral.hu\/szolgaltatasaink\/esztetikai-fogaszat-esztetikai-arcanalizis\/\"]}]},{\"@type\":\"BreadcrumbList\",\"@id\":\"https:\/\/artoral.hu\/szolgaltatasaink\/esztetikai-fogaszat-esztetikai-arcanalizis\/#breadcrumb\",\"itemListElement\":[{\"@type\":\"ListItem\",\"position\":1,\"name\":\"Services\",\"item\":\"https:\/\/artoral.hu\/szolgaltatasaink\/\"},{\"@type\":\"ListItem\",\"position\":2,\"name\":\"Aesthetical dentistry \u2013 aesthetical face analysis\"}]},{\"@type\":\"WebSite\",\"@id\":\"https:\/\/artoral.hu\/#website\",\"url\":\"https:\/\/artoral.hu\/\",\"name\":\"ARTORAL Fog\u00e1szati K\u00f6zpont Budapest - Eszt\u00e9tikai fog\u00e1szat, fogszab\u00e1lyoz\u00e1s, fogfeh\u00e9r\u00edt\u00e9s, sz\u00e1jseb\u00e9szet\",\"description\":\"\",\"potentialAction\":[{\"@type\":\"SearchAction\",\"target\":{\"@type\":\"EntryPoint\",\"urlTemplate\":\"https:\/\/artoral.hu\/?s={search_term_string}\"},\"query-input\":{\"@type\":\"PropertyValueSpecification\",\"valueRequired\":true,\"valueName\":\"search_term_string\"}}],\"inLanguage\":\"en-US\"}]}<\/script>\n","yoast_head_json":{"title":"Aesthetical dentistry \u2013 aesthetical face analysis - ARTORAL Fog\u00e1szati K\u00f6zpont Budapest - Eszt\u00e9tikai fog\u00e1szat, fogszab\u00e1lyoz\u00e1s, fogfeh\u00e9r\u00edt\u00e9s, sz\u00e1jseb\u00e9szet","description":"The way to the perfect smile! The complete analysis of the face is an essential part of the latest aesthetical treatments before the treatment. Our","robots":{"index":"index","follow":"follow","max-snippet":"max-snippet:-1","max-image-preview":"max-image-preview:large","max-video-preview":"max-video-preview:-1"},"canonical":"https:\/\/artoral.hu\/szolgaltatasaink\/esztetikai-fogaszat-esztetikai-arcanalizis\/","twitter_misc":{"Est. reading time":"2 minutes"},"schema":{"@context":"https:\/\/schema.org","@graph":[{"@type":"WebPage","@id":"https:\/\/artoral.hu\/szolgaltatasaink\/esztetikai-fogaszat-esztetikai-arcanalizis\/","url":"https:\/\/artoral.hu\/szolgaltatasaink\/esztetikai-fogaszat-esztetikai-arcanalizis\/","name":"Aesthetical dentistry \u2013 aesthetical face analysis - ARTORAL Fog\u00e1szati K\u00f6zpont Budapest - Eszt\u00e9tikai fog\u00e1szat, fogszab\u00e1lyoz\u00e1s, fogfeh\u00e9r\u00edt\u00e9s, sz\u00e1jseb\u00e9szet","isPartOf":{"@id":"https:\/\/artoral.hu\/#website"},"datePublished":"2016-04-13T12:44:43+00:00","dateModified":"2022-03-23T17:18:03+00:00","description":"The way to the perfect smile! The complete analysis of the face is an essential part of the latest aesthetical treatments before the treatment. Our","breadcrumb":{"@id":"https:\/\/artoral.hu\/szolgaltatasaink\/esztetikai-fogaszat-esztetikai-arcanalizis\/#breadcrumb"},"inLanguage":"en-US","potentialAction":[{"@type":"ReadAction","target":["https:\/\/artoral.hu\/szolgaltatasaink\/esztetikai-fogaszat-esztetikai-arcanalizis\/"]}]},{"@type":"BreadcrumbList","@id":"https:\/\/artoral.hu\/szolgaltatasaink\/esztetikai-fogaszat-esztetikai-arcanalizis\/#breadcrumb","itemListElement":[{"@type":"ListItem","position":1,"name":"Services","item":"https:\/\/artoral.hu\/szolgaltatasaink\/"},{"@type":"ListItem","position":2,"name":"Aesthetical dentistry \u2013 aesthetical face analysis"}]},{"@type":"WebSite","@id":"https:\/\/artoral.hu\/#website","url":"https:\/\/artoral.hu\/","name":"ARTORAL Fog\u00e1szati K\u00f6zpont Budapest - Eszt\u00e9tikai fog\u00e1szat, fogszab\u00e1lyoz\u00e1s, fogfeh\u00e9r\u00edt\u00e9s, sz\u00e1jseb\u00e9szet","description":"","potentialAction":[{"@type":"SearchAction","target":{"@type":"EntryPoint","urlTemplate":"https:\/\/artoral.hu\/?s={search_term_string}"},"query-input":{"@type":"PropertyValueSpecification","valueRequired":true,"valueName":"search_term_string"}}],"inLanguage":"en-US"}]}},"_links":{"self":[{"href":"https:\/\/artoral.hu\/en\/wp-json\/wp\/v2\/pages\/207","targetHints":{"allow":["GET"]}}],"collection":[{"href":"https:\/\/artoral.hu\/en\/wp-json\/wp\/v2\/pages"}],"about":[{"href":"https:\/\/artoral.hu\/en\/wp-json\/wp\/v2\/types\/page"}],"author":[{"embeddable":true,"href":"https:\/\/artoral.hu\/en\/wp-json\/wp\/v2\/users\/1"}],"replies":[{"embeddable":true,"href":"https:\/\/artoral.hu\/en\/wp-json\/wp\/v2\/comments?post=207"}],"version-history":[{"count":1,"href":"https:\/\/artoral.hu\/en\/wp-json\/wp\/v2\/pages\/207\/revisions"}],"predecessor-version":[{"id":612,"href":"https:\/\/artoral.hu\/en\/wp-json\/wp\/v2\/pages\/207\/revisions\/612"}],"up":[{"embeddable":true,"href":"https:\/\/artoral.hu\/en\/wp-json\/wp\/v2\/pages\/213"}],"wp:attachment":[{"href":"https:\/\/artoral.hu\/en\/wp-json\/wp\/v2\/media?parent=207"}],"curies":[{"name":"wp","href":"https:\/\/api.w.org\/{rel}","templated":true}]}}