{"id":209,"date":"2016-04-13T12:56:07","date_gmt":"2016-04-13T12:56:07","guid":{"rendered":"http:\/\/artoral.hu\/en\/?page_id=209"},"modified":"2022-03-23T18:17:35","modified_gmt":"2022-03-23T17:17:35","slug":"oral-surgery-implantation","status":"publish","type":"page","link":"https:\/\/artoral.hu\/en\/oral-surgery-implantation\/","title":{"rendered":"Oral surgery, implantation"},"content":{"rendered":"<p>[vc_row][vc_column][vc_custom_heading text=&#8221;Oral surgery, implantation&#8221; font_container=&#8221;tag:h2|font_size:25px|text_align:left|color:%23ff6600&#8243; use_theme_fonts=&#8221;yes&#8221;][\/vc_column][\/vc_row][vc_row][vc_column][vc_column_text]<\/p>\n<ul>\n<li>Painless extraction of wisdom teeth, supernumerary teeth, teeth in abnormal position \u2013 even in controlled anaesthesia if required.<\/li>\n<li>Implantation, prosthetic dentistry, and osteoplasthy which help to prevent wearing a prothesis even for a whole life.<\/li>\n<li>Swedish Br\u00e4nemark-implants (artificial roots) with a minimum guarantee of 10 years \u2013<a class=\"felsorolas\" href=\"http:\/\/www.nobelbiocare.com\/\" target=\"_blank\" rel=\"noopener\">www.nobelbiocare.com<\/a>.<\/li>\n<li>One of the main specialities of our surgery in implantation. Properly designed and surgically implanted teeth can be worn till the end of our life.<\/li>\n<li>Preservative operations \u2013 loose teeth can be fixed by osteoplasty that can substantially extend their lifetime<\/li>\n<\/ul>\n<p>[\/vc_column_text][\/vc_column][\/vc_row]<\/p>\n","protected":false},"excerpt":{"rendered":"<p>[vc_row][vc_column][vc_custom_heading text=&#8221;Oral surgery, implantation&#8221; font_container=&#8221;tag:h2|font_size:25px|text_align:left|color:%23ff6600&#8243; use_theme_fonts=&#8221;yes&#8221;][\/vc_column][\/vc_row][vc_row][vc_column][vc_column_text] Painless extraction of wisdom teeth, supernumerary teeth, teeth in abnormal position \u2013 even in controlled anaesthesia if required. Implantation, prosthetic<span class=\"excerpt-hellip\"> [\u2026]<\/span><\/p>\n","protected":false},"author":1,"featured_media":0,"parent":0,"menu_order":0,"comment_status":"closed","ping_status":"closed","template":"","meta":{"footnotes":""},"class_list":["post-209","page","type-page","status-publish","hentry"],"yoast_head":"\n<title>Oral surgery, implantation - ARTORAL Fog\u00e1szati K\u00f6zpont Budapest - Eszt\u00e9tikai fog\u00e1szat, fogszab\u00e1lyoz\u00e1s, fogfeh\u00e9r\u00edt\u00e9s, sz\u00e1jseb\u00e9szet<\/title>\n<meta name=\"description\" content=\"Painless extraction of wisdom teeth, supernumerary teeth, teeth in abnormal position \u2013 even in controlled anaesthesia if required. Implantation,\" \/>\n<meta name=\"robots\" content=\"index, follow, max-snippet:-1, max-image-preview:large, max-video-preview:-1\" \/>\n<link rel=\"canonical\" href=\"https:\/\/artoral.hu\/en\/oral-surgery-implantation\/\" \/>\n<meta name=\"twitter:label1\" content=\"Est. reading time\" \/>\n\t<meta name=\"twitter:data1\" content=\"1 minute\" \/>\n<script type=\"application\/ld+json\" class=\"yoast-schema-graph\">{\"@context\":\"https:\/\/schema.org\",\"@graph\":[{\"@type\":\"WebPage\",\"@id\":\"https:\/\/artoral.hu\/en\/oral-surgery-implantation\/\",\"url\":\"https:\/\/artoral.hu\/en\/oral-surgery-implantation\/\",\"name\":\"Oral surgery, implantation - ARTORAL Fog\u00e1szati K\u00f6zpont Budapest - Eszt\u00e9tikai fog\u00e1szat, fogszab\u00e1lyoz\u00e1s, fogfeh\u00e9r\u00edt\u00e9s, sz\u00e1jseb\u00e9szet\",\"isPartOf\":{\"@id\":\"https:\/\/artoral.hu\/#website\"},\"datePublished\":\"2016-04-13T12:56:07+00:00\",\"dateModified\":\"2022-03-23T17:17:35+00:00\",\"description\":\"Painless extraction of wisdom teeth, supernumerary teeth, teeth in abnormal position \u2013 even in controlled anaesthesia if required. Implantation,\",\"inLanguage\":\"en-US\",\"potentialAction\":[{\"@type\":\"ReadAction\",\"target\":[\"https:\/\/artoral.hu\/en\/oral-surgery-implantation\/\"]}]},{\"@type\":\"WebSite\",\"@id\":\"https:\/\/artoral.hu\/#website\",\"url\":\"https:\/\/artoral.hu\/\",\"name\":\"ARTORAL Fog\u00e1szati K\u00f6zpont Budapest - Eszt\u00e9tikai fog\u00e1szat, fogszab\u00e1lyoz\u00e1s, fogfeh\u00e9r\u00edt\u00e9s, sz\u00e1jseb\u00e9szet\",\"description\":\"\",\"potentialAction\":[{\"@type\":\"SearchAction\",\"target\":{\"@type\":\"EntryPoint\",\"urlTemplate\":\"https:\/\/artoral.hu\/?s={search_term_string}\"},\"query-input\":{\"@type\":\"PropertyValueSpecification\",\"valueRequired\":true,\"valueName\":\"search_term_string\"}}],\"inLanguage\":\"en-US\"}]}<\/script>\n","yoast_head_json":{"title":"Oral surgery, implantation - ARTORAL Fog\u00e1szati K\u00f6zpont Budapest - Eszt\u00e9tikai fog\u00e1szat, fogszab\u00e1lyoz\u00e1s, fogfeh\u00e9r\u00edt\u00e9s, sz\u00e1jseb\u00e9szet","description":"Painless extraction of wisdom teeth, supernumerary teeth, teeth in abnormal position \u2013 even in controlled anaesthesia if required. Implantation,","robots":{"index":"index","follow":"follow","max-snippet":"max-snippet:-1","max-image-preview":"max-image-preview:large","max-video-preview":"max-video-preview:-1"},"canonical":"https:\/\/artoral.hu\/en\/oral-surgery-implantation\/","twitter_misc":{"Est. reading time":"1 minute"},"schema":{"@context":"https:\/\/schema.org","@graph":[{"@type":"WebPage","@id":"https:\/\/artoral.hu\/en\/oral-surgery-implantation\/","url":"https:\/\/artoral.hu\/en\/oral-surgery-implantation\/","name":"Oral surgery, implantation - ARTORAL Fog\u00e1szati K\u00f6zpont Budapest - Eszt\u00e9tikai fog\u00e1szat, fogszab\u00e1lyoz\u00e1s, fogfeh\u00e9r\u00edt\u00e9s, sz\u00e1jseb\u00e9szet","isPartOf":{"@id":"https:\/\/artoral.hu\/#website"},"datePublished":"2016-04-13T12:56:07+00:00","dateModified":"2022-03-23T17:17:35+00:00","description":"Painless extraction of wisdom teeth, supernumerary teeth, teeth in abnormal position \u2013 even in controlled anaesthesia if required. Implantation,","inLanguage":"en-US","potentialAction":[{"@type":"ReadAction","target":["https:\/\/artoral.hu\/en\/oral-surgery-implantation\/"]}]},{"@type":"WebSite","@id":"https:\/\/artoral.hu\/#website","url":"https:\/\/artoral.hu\/","name":"ARTORAL Fog\u00e1szati K\u00f6zpont Budapest - Eszt\u00e9tikai fog\u00e1szat, fogszab\u00e1lyoz\u00e1s, fogfeh\u00e9r\u00edt\u00e9s, sz\u00e1jseb\u00e9szet","description":"","potentialAction":[{"@type":"SearchAction","target":{"@type":"EntryPoint","urlTemplate":"https:\/\/artoral.hu\/?s={search_term_string}"},"query-input":{"@type":"PropertyValueSpecification","valueRequired":true,"valueName":"search_term_string"}}],"inLanguage":"en-US"}]}},"_links":{"self":[{"href":"https:\/\/artoral.hu\/en\/wp-json\/wp\/v2\/pages\/209","targetHints":{"allow":["GET"]}}],"collection":[{"href":"https:\/\/artoral.hu\/en\/wp-json\/wp\/v2\/pages"}],"about":[{"href":"https:\/\/artoral.hu\/en\/wp-json\/wp\/v2\/types\/page"}],"author":[{"embeddable":true,"href":"https:\/\/artoral.hu\/en\/wp-json\/wp\/v2\/users\/1"}],"replies":[{"embeddable":true,"href":"https:\/\/artoral.hu\/en\/wp-json\/wp\/v2\/comments?post=209"}],"version-history":[{"count":3,"href":"https:\/\/artoral.hu\/en\/wp-json\/wp\/v2\/pages\/209\/revisions"}],"predecessor-version":[{"id":610,"href":"https:\/\/artoral.hu\/en\/wp-json\/wp\/v2\/pages\/209\/revisions\/610"}],"wp:attachment":[{"href":"https:\/\/artoral.hu\/en\/wp-json\/wp\/v2\/media?parent=209"}],"curies":[{"name":"wp","href":"https:\/\/api.w.org\/{rel}","templated":true}]}}