{"id":213,"date":"2016-04-13T13:04:06","date_gmt":"2016-04-13T13:04:06","guid":{"rendered":"http:\/\/artoral.hu\/en\/services\/"},"modified":"2022-03-23T18:06:21","modified_gmt":"2022-03-23T17:06:21","slug":"services","status":"publish","type":"page","link":"https:\/\/artoral.hu\/en\/services\/","title":{"rendered":"Services"},"content":{"rendered":"<p>[vc_row][vc_column][vc_single_image image=&#8221;549&#8243; img_size=&#8221;full&#8221;][\/vc_column][\/vc_row][vc_row][vc_column][vc_custom_heading text=&#8221;Services&#8221; font_container=&#8221;tag:h2|font_size:25px|text_align:left|color:%23ff6600&#8243; use_theme_fonts=&#8221;yes&#8221;][\/vc_column][\/vc_row][vc_row][vc_column][vc_column_text]We provide complex dental care:<\/p>\n<ul>\n<li>Digital panoramic X-ray diagnostic method<\/li>\n<li>Extensive therapy planning and consultation<\/li>\n<li>Painless oral hygienic treatment for prevention of dental and gum diseases<\/li>\n<li><a class=\"felsorolas\" title=\"HealOzone \u2013 for gentle caries treatment\" href=\"http:\/\/artoral.hu\/en\/services\/healozone-for-gentle-caries-treatment\/\">Ozone therapy \u2013 Painless treatment of caries<\/a><\/li>\n<li>Child dental care, orthodontics<\/li>\n<li><a class=\"felsorolas\" title=\"Aesthetical dentistry \u2013 aesthetical face analysis\" href=\"http:\/\/artoral.hu\/en\/services\/aesthetical-dentistry-aesthetical-face-analysis\/\">Aesthetic dentistry<\/a><\/li>\n<li>Professional Chairside whitening \u2013 ZOOM!<\/li>\n<li>Endodontics (root-canal treatment)<\/li>\n<li>Dental Jewels<\/li>\n<li><a class=\"felsorolas\" title=\"Family dentistry\" href=\"http:\/\/artoral.hu\/en\/services\/family-dentistry\/\">Family dentistry<\/a><\/li>\n<li><a class=\"felsorolas\" title=\"Oral surgery, implantation\" href=\"http:\/\/artoral.hu\/en\/services\/oral-surgery-implantation\/\">Oral surgery, implantation<\/a><\/li>\n<li><a class=\"felsorolas\" title=\"Parodontology, parodontal diseases\" href=\"http:\/\/artoral.hu\/en\/services\/parodontology-parodontal-diseases\/\">Parodontology, parodontal diseases<\/a><\/li>\n<\/ul>\n<p>[\/vc_column_text][\/vc_column][\/vc_row]<\/p>\n","protected":false},"excerpt":{"rendered":"<p>[vc_row][vc_column][vc_single_image image=&#8221;549&#8243; img_size=&#8221;full&#8221;][\/vc_column][\/vc_row][vc_row][vc_column][vc_custom_heading text=&#8221;Services&#8221; font_container=&#8221;tag:h2|font_size:25px|text_align:left|color:%23ff6600&#8243; use_theme_fonts=&#8221;yes&#8221;][\/vc_column][\/vc_row][vc_row][vc_column][vc_column_text]We provide complex dental care: Digital panoramic X-ray diagnostic method Extensive therapy planning and consultation Painless oral hygienic treatment for prevention<span class=\"excerpt-hellip\"> [\u2026]<\/span><\/p>\n","protected":false},"author":1,"featured_media":0,"parent":0,"menu_order":20,"comment_status":"closed","ping_status":"closed","template":"","meta":{"footnotes":""},"class_list":["post-213","page","type-page","status-publish","hentry"],"yoast_head":"\n<title>Services - ARTORAL Fog\u00e1szati K\u00f6zpont Budapest - Eszt\u00e9tikai fog\u00e1szat, fogszab\u00e1lyoz\u00e1s, fogfeh\u00e9r\u00edt\u00e9s, sz\u00e1jseb\u00e9szet<\/title>\n<meta name=\"description\" content=\"We provide complex dental care: Digital panoramic X-ray diagnostic method Extensive therapy planning and consultation Painless oral hygienic treatment for\" \/>\n<meta name=\"robots\" content=\"index, follow, max-snippet:-1, max-image-preview:large, max-video-preview:-1\" \/>\n<link rel=\"canonical\" href=\"https:\/\/artoral.hu\/szolgaltatasaink\/\" \/>\n<meta name=\"twitter:label1\" content=\"Est. reading time\" \/>\n\t<meta name=\"twitter:data1\" content=\"1 minute\" \/>\n<script type=\"application\/ld+json\" class=\"yoast-schema-graph\">{\"@context\":\"https:\/\/schema.org\",\"@graph\":[{\"@type\":\"WebPage\",\"@id\":\"https:\/\/artoral.hu\/szolgaltatasaink\/\",\"url\":\"https:\/\/artoral.hu\/szolgaltatasaink\/\",\"name\":\"Services - ARTORAL Fog\u00e1szati K\u00f6zpont Budapest - Eszt\u00e9tikai fog\u00e1szat, fogszab\u00e1lyoz\u00e1s, fogfeh\u00e9r\u00edt\u00e9s, sz\u00e1jseb\u00e9szet\",\"isPartOf\":{\"@id\":\"https:\/\/artoral.hu\/#website\"},\"datePublished\":\"2016-04-13T13:04:06+00:00\",\"dateModified\":\"2022-03-23T17:06:21+00:00\",\"description\":\"We provide complex dental care: Digital panoramic X-ray diagnostic method Extensive therapy planning and consultation Painless oral hygienic treatment for\",\"inLanguage\":\"en-US\",\"potentialAction\":[{\"@type\":\"ReadAction\",\"target\":[\"https:\/\/artoral.hu\/szolgaltatasaink\/\"]}]},{\"@type\":\"WebSite\",\"@id\":\"https:\/\/artoral.hu\/#website\",\"url\":\"https:\/\/artoral.hu\/\",\"name\":\"ARTORAL Fog\u00e1szati K\u00f6zpont Budapest - Eszt\u00e9tikai fog\u00e1szat, fogszab\u00e1lyoz\u00e1s, fogfeh\u00e9r\u00edt\u00e9s, sz\u00e1jseb\u00e9szet\",\"description\":\"\",\"potentialAction\":[{\"@type\":\"SearchAction\",\"target\":{\"@type\":\"EntryPoint\",\"urlTemplate\":\"https:\/\/artoral.hu\/?s={search_term_string}\"},\"query-input\":{\"@type\":\"PropertyValueSpecification\",\"valueRequired\":true,\"valueName\":\"search_term_string\"}}],\"inLanguage\":\"en-US\"}]}<\/script>\n","yoast_head_json":{"title":"Services - ARTORAL Fog\u00e1szati K\u00f6zpont Budapest - Eszt\u00e9tikai fog\u00e1szat, fogszab\u00e1lyoz\u00e1s, fogfeh\u00e9r\u00edt\u00e9s, sz\u00e1jseb\u00e9szet","description":"We provide complex dental care: Digital panoramic X-ray diagnostic method Extensive therapy planning and consultation Painless oral hygienic treatment for","robots":{"index":"index","follow":"follow","max-snippet":"max-snippet:-1","max-image-preview":"max-image-preview:large","max-video-preview":"max-video-preview:-1"},"canonical":"https:\/\/artoral.hu\/szolgaltatasaink\/","twitter_misc":{"Est. reading time":"1 minute"},"schema":{"@context":"https:\/\/schema.org","@graph":[{"@type":"WebPage","@id":"https:\/\/artoral.hu\/szolgaltatasaink\/","url":"https:\/\/artoral.hu\/szolgaltatasaink\/","name":"Services - ARTORAL Fog\u00e1szati K\u00f6zpont Budapest - Eszt\u00e9tikai fog\u00e1szat, fogszab\u00e1lyoz\u00e1s, fogfeh\u00e9r\u00edt\u00e9s, sz\u00e1jseb\u00e9szet","isPartOf":{"@id":"https:\/\/artoral.hu\/#website"},"datePublished":"2016-04-13T13:04:06+00:00","dateModified":"2022-03-23T17:06:21+00:00","description":"We provide complex dental care: Digital panoramic X-ray diagnostic method Extensive therapy planning and consultation Painless oral hygienic treatment for","inLanguage":"en-US","potentialAction":[{"@type":"ReadAction","target":["https:\/\/artoral.hu\/szolgaltatasaink\/"]}]},{"@type":"WebSite","@id":"https:\/\/artoral.hu\/#website","url":"https:\/\/artoral.hu\/","name":"ARTORAL Fog\u00e1szati K\u00f6zpont Budapest - Eszt\u00e9tikai fog\u00e1szat, fogszab\u00e1lyoz\u00e1s, fogfeh\u00e9r\u00edt\u00e9s, sz\u00e1jseb\u00e9szet","description":"","potentialAction":[{"@type":"SearchAction","target":{"@type":"EntryPoint","urlTemplate":"https:\/\/artoral.hu\/?s={search_term_string}"},"query-input":{"@type":"PropertyValueSpecification","valueRequired":true,"valueName":"search_term_string"}}],"inLanguage":"en-US"}]}},"_links":{"self":[{"href":"https:\/\/artoral.hu\/en\/wp-json\/wp\/v2\/pages\/213","targetHints":{"allow":["GET"]}}],"collection":[{"href":"https:\/\/artoral.hu\/en\/wp-json\/wp\/v2\/pages"}],"about":[{"href":"https:\/\/artoral.hu\/en\/wp-json\/wp\/v2\/types\/page"}],"author":[{"embeddable":true,"href":"https:\/\/artoral.hu\/en\/wp-json\/wp\/v2\/users\/1"}],"replies":[{"embeddable":true,"href":"https:\/\/artoral.hu\/en\/wp-json\/wp\/v2\/comments?post=213"}],"version-history":[{"count":3,"href":"https:\/\/artoral.hu\/en\/wp-json\/wp\/v2\/pages\/213\/revisions"}],"predecessor-version":[{"id":598,"href":"https:\/\/artoral.hu\/en\/wp-json\/wp\/v2\/pages\/213\/revisions\/598"}],"wp:attachment":[{"href":"https:\/\/artoral.hu\/en\/wp-json\/wp\/v2\/media?parent=213"}],"curies":[{"name":"wp","href":"https:\/\/api.w.org\/{rel}","templated":true}]}}